{"id":13,"date":"2024-07-31T08:23:50","date_gmt":"2024-07-31T08:23:50","guid":{"rendered":"https:\/\/kpp-seng.de\/?page_id=13"},"modified":"2024-09-16T11:53:36","modified_gmt":"2024-09-16T11:53:36","slug":"impressum","status":"publish","type":"page","link":"https:\/\/kpp-seng.de\/?page_id=13","title":{"rendered":"Impressum"},"content":{"rendered":"\n<p>Angaben gem\u00e4\u00df \u00a7 5 TMG<\/p>\n\n\n\n<p>Christoph Seng<\/p>\n\n\n\n<p>Konstruktion-Planung-Projekte<\/p>\n\n\n\n<p>Niedermendiger Stra\u00dfe 8<\/p>\n\n\n\n<p>56645 Nickenich<\/p>\n\n\n\n<p><strong>Vertreten durch:<\/strong><br>Christoph Seng<\/p>\n\n\n\n<p><strong>Kontakt:<\/strong><br>Telefon: 02632-988610<br>E-Mail:\u00a0<a href=\"mailto:ChristophSeng@t-online.de\">C.Seng@kpp-seng.de<\/a><\/p>\n\n\n\n<p><strong>Umsatzsteuer-ID:<\/strong><br>Umsatzsteuer-Identifikationsnummer gem\u00e4\u00df \u00a727a Umsatzsteuergesetz: DE290653658<\/p>\n\n\n\n<p><\/p>\n\n\n\n<p><strong>Haftungsausschluss:<\/strong><br><br><strong>Haftung f\u00fcr Inhalte<\/strong><br><br>Die Inhalte unserer Seiten wurden mit gr\u00f6\u00dfter Sorgfalt erstellt. F\u00fcr die Richtigkeit, Vollst\u00e4ndigkeit und Aktualit\u00e4t der Inhalte k\u00f6nnen wir jedoch keine Gew\u00e4hr \u00fcbernehmen. Als Diensteanbieter sind wir gem\u00e4\u00df \u00a7 7 Abs.1 TMG f\u00fcr eigene Inhalte auf diesen Seiten nach den allgemeinen Gesetzen verantwortlich. Nach \u00a7\u00a7 8 bis 10 TMG sind wir als Diensteanbieter jedoch nicht verpflichtet, \u00fcbermittelte oder gespeicherte fremde Informationen zu \u00fcberwachen oder nach Umst\u00e4nden zu forschen, die auf eine rechtswidrige T\u00e4tigkeit hinweisen. Verpflichtungen zur Entfernung oder Sperrung der Nutzung von Informationen nach den allgemeinen Gesetzen bleiben hiervon unber\u00fchrt. Eine diesbez\u00fcgliche Haftung ist jedoch erst ab dem Zeitpunkt der Kenntnis einer konkreten Rechtsverletzung m\u00f6glich. Bei Bekanntwerden von entsprechenden Rechtsverletzungen werden wir diese Inhalte umgehend entfernen.<br><br><strong>Urheberrecht<\/strong><br><br>Die durch die Seitenbetreiber erstellten Inhalte und Werke auf diesen Seiten unterliegen dem deutschen Urheberrecht. Die Vervielf\u00e4ltigung, Bearbeitung, Verbreitung und jede Art der Verwertung au\u00dferhalb der Grenzen des Urheberrechtes bed\u00fcrfen der schriftlichen Zustimmung des jeweiligen Autors bzw. Erstellers. Downloads und Kopien dieser Seite sind nur f\u00fcr den privaten, nicht kommerziellen Gebrauch gestattet. Soweit die Inhalte auf dieser Seite nicht vom Betreiber erstellt wurden, werden die Urheberrechte Dritter beachtet. Insbesondere werden Inhalte Dritter als solche gekennzeichnet. Sollten Sie trotzdem auf eine Urheberrechtsverletzung aufmerksam werden, bitten wir um einen entsprechenden Hinweis. Bei Bekanntwerden von Rechtsverletzungen werden wir derartige Inhalte umgehend entfernen.<\/p>\n\n\n\n<p><br>Impressum vom&nbsp;<a href=\"https:\/\/www.impressum-generator.de\/\" target=\"_blank\" rel=\"noreferrer noopener\">Impressum Generator<\/a>&nbsp;der&nbsp;<a href=\"https:\/\/www.kanzlei-hasselbach.de\/standorte\/bonn\/\" target=\"_blank\" rel=\"noreferrer noopener\">Kanzlei Hasselbach, Bonn<\/a><\/p>\n","protected":false},"excerpt":{"rendered":"<p>Angaben gem\u00e4\u00df \u00a7 5 TMG Christoph Seng Konstruktion-Planung-Projekte Niedermendiger Stra\u00dfe 8 56645 Nickenich Vertreten durch:Christoph Seng Kontakt:Telefon: 02632-988610E-Mail:\u00a0C.Seng@kpp-seng.de Umsatzsteuer-ID:Umsatzsteuer-Identifikationsnummer gem\u00e4\u00df \u00a727a Umsatzsteuergesetz: DE290653658 Haftungsausschluss: Haftung f\u00fcr Inhalte Die Inhalte.<\/p>\n","protected":false},"author":1,"featured_media":0,"parent":0,"menu_order":3,"comment_status":"closed","ping_status":"closed","template":"","meta":{"footnotes":""},"class_list":["post-13","page","type-page","status-publish","hentry"],"_links":{"self":[{"href":"https:\/\/kpp-seng.de\/index.php?rest_route=\/wp\/v2\/pages\/13","targetHints":{"allow":["GET"]}}],"collection":[{"href":"https:\/\/kpp-seng.de\/index.php?rest_route=\/wp\/v2\/pages"}],"about":[{"href":"https:\/\/kpp-seng.de\/index.php?rest_route=\/wp\/v2\/types\/page"}],"author":[{"embeddable":true,"href":"https:\/\/kpp-seng.de\/index.php?rest_route=\/wp\/v2\/users\/1"}],"replies":[{"embeddable":true,"href":"https:\/\/kpp-seng.de\/index.php?rest_route=%2Fwp%2Fv2%2Fcomments&post=13"}],"version-history":[{"count":2,"href":"https:\/\/kpp-seng.de\/index.php?rest_route=\/wp\/v2\/pages\/13\/revisions"}],"predecessor-version":[{"id":54,"href":"https:\/\/kpp-seng.de\/index.php?rest_route=\/wp\/v2\/pages\/13\/revisions\/54"}],"wp:attachment":[{"href":"https:\/\/kpp-seng.de\/index.php?rest_route=%2Fwp%2Fv2%2Fmedia&parent=13"}],"curies":[{"name":"wp","href":"https:\/\/api.w.org\/{rel}","templated":true}]}}