{"id":2,"date":"2024-07-31T07:56:48","date_gmt":"2024-07-31T07:56:48","guid":{"rendered":"http:\/\/kpp-seng.de\/?page_id=2"},"modified":"2025-05-19T11:34:13","modified_gmt":"2025-05-19T11:34:13","slug":"sample-page","status":"publish","type":"page","link":"https:\/\/kpp-seng.de\/?page_id=2","title":{"rendered":"Meine Dienstleistungen"},"content":{"rendered":"\n<p>Ich biete eine Bandbreite von Dienstleistungen, die erkennbare Resultate garantieren und eine positive Auswirkung auf Ihr Gesch\u00e4ft bieten. In folgenden Branchen habe ich Projekte realisiert: Pharma, Maschinenbau, Lebensmittelindustrie, Bauindustrie.<\/p>\n\n\n\n<p><strong>Neuentwicklung und Detailkonstruktion<\/strong><\/p>\n\n\n\n<p>Eine neue Maschine\/Anlagenteil wird auf Grund von erforderlichen \u00c4nderungen bzw. h\u00f6heren Anforderungen ben\u00f6tigt. Ich konstruiere die mechanischen Bauteile-gruppen. Antriebe werden ausgelegt, alle wichtigen Details besprochen, verifiziert und dokumentiert. Zeichnungs- und St\u00fccklistenerstellung erfolgt nach Kundenvorgaben.<br>Ein B\u00fcro ist nicht immer der beste Ort um ein technisches Projekt zu bearbeiten. Ich arbeite, wenn erforderlich, unmittelbar vor Ort am Geschehen.&nbsp; Umgebung, Ansprechpersonen und auch vermeintlich unwichtige Randbedingungen (Arbeitsorganisation, Temperaturen, Lichtverh\u00e4ltnisse,&nbsp; Wetterph\u00e4nomene etc.) sind damit stets im Blick.<\/p>\n\n\n\n<p><strong>Retrofit und Umbauten<\/strong><br><br>Ausgangslage:<br>Die bestehende Maschine bzw. das betroffene Anlagenteil erf\u00fcllt aufgrund neuer Anforderungen nicht mehr die aktuellen technischen oder prozessualen Vorgaben.<br>Ziel:<br>Anpassung und Optimierung durch mechanischen Umbau unter Ber\u00fccksichtigung der neuen Anforderungen.<br>Vorgehensweise:<br>Aufnahme des aktuellen IST-Zustands<br>Analyse der Anforderungen und Definition des SOLL-Zustands<br>Neukonstruktion der erforderlichen mechanischen Baugruppen<br>Fertigung, Montage und Inbetriebnahme \u2013 alles aus einer Hand<br><em>(bei kleineren Projekten vollst\u00e4ndig intern umgesetzt)<\/em><br>Ergebnis:<br>Ein funktionsf\u00e4higes, auf den neuesten Stand gebrachtes Anlagenteil \u2013 effizient, normgerecht und zukunftssicher.<\/p>\n\n\n\n<p><strong>Cloudbasierter Zeichnungs- St\u00fccklistenaustausch<\/strong><\/p>\n\n\n\n<p>Zeichnungen und St\u00fccklisten k\u00f6nnen direkt an&nbsp; Fertiger zur Angebotserstellung \u00fcbergeben werden. Alle erforderlichen Fertigungsdateien (z.B. DXF, PDF, STEP) werden in einer Cloud abgespeichert. \u00c4nderungen werden sofort eingepflegt. Alle sind immer auf dem gleichen Stand.<\/p>\n\n\n\n<p><strong>Neu- und \u00c4nderungsplanung,&nbsp; Prozessoptimierung<\/strong><\/p>\n\n\n\n<p>Eine Maschine\/Anlagenteil oder Anlage zieht um. Der Ist-Stand wird aufgenommen und&nbsp; ein oder mehrere m\u00f6gliche Layouts erstellt. Folgende Informationen flie\u00dfen in das Layout ein: Zuwege, Geb\u00e4udedetails, Zuleitungen, Abfl\u00fcsse, Wartungsm\u00f6glichkeiten, Montageablauf, Sicherheitseinrichtungen, usw.<br><br>Ein Prozess muss ver\u00e4ndert werden. Die Prozess\u00e4nderung wird in die bestehende Prozesszeichnung integriert. Notwendige mechanischen \u00c4nderungen, Probleme und Risiken werden analysiert.<\/p>\n\n\n\n<p><strong>Montage-, Demontageplanung, Wartungsplanung<\/strong><\/p>\n\n\n\n<p>Eine Anlage soll montiert werden. Die Abma\u00dfe und das Gewicht der Anlagenteile werden ermittelt. Zuwege gepr\u00fcft, die Montagereihenfolge festgelegt und ein Montageablaufplan erstellt.<\/p>\n\n\n\n<p><strong>Kundenspezifische I-Logic bzw. VBA Programmierung<\/strong><\/p>\n\n\n\n<p>Autosdesk Inventor l\u00e4sst sich individuell durch eine eigene Programmierumgebung anpassen. Viele Konstruktionsaufgaben lassen sich dadurch verk\u00fcrzen. Wiederkehrende Abl\u00e4ufe k\u00f6nnen automatisiert werden.&nbsp;<\/p>\n\n\n\n<p><strong>E-Learning Videos<\/strong><\/p>\n\n\n\n<p>Probleme werden durch unterschiedliche Mitarbeiter meist unterschiedlich gel\u00f6st. Nicht alle Wege sind sicher, effektiv und nachhaltig. E- Learning Videos mit der besten Herangehensweise bringen alle Mitarbeiter auf den gleichen Stand.&nbsp;<\/p>\n\n\n\n<p><strong>Datenbasierte Ausfallanalysen<\/strong><\/p>\n\n\n\n<p>Wiederkehrende Ausf\u00e4lle sind teuer. Oft l\u00e4uft der Prozess nach dem Neustart wieder problemlos an, Ausfallursache unbekannt. War die Ursache vielleicht eine unzul\u00e4ssige Umgebungsbedingung, ein nicht eingehaltener Wartungsintervall oder vielleicht sogar eine wiederkehrende Fehlbedienung, oder&#8230; ,oder &#8230;&nbsp; ?<br>Mittels einer datenbasierten Ausfallanalyse l\u00e4sst sich der Ursache auf die Spur kommen.<\/p>\n\n\n\n<p><strong>Montagen,&nbsp; Inbetriebnahmen und Schulungen<\/strong><\/p>\n\n\n\n<p>Auf Grund des bereits gesammelten Projektwissens&nbsp; bei Planung und Konstruktion, macht es oftmals Sinn, die mechanische Montage und Inbetriebnahme mindestens zu unterst\u00fctzen bzw.&nbsp; zu leiten. Die bereits vorhandenen Kenntnisse \u00fcber Konstruktion, Abl\u00e4ufe, Risiken, Ansprechpersonen usw. sind somit durchgehend bis zum Projektende vorhanden und gehen nicht bei \u00dcbergaben verloren.&nbsp; Auch die Schulung der Anlagenbediener kann \u00fcbernommen werden.<\/p>\n","protected":false},"excerpt":{"rendered":"<p>Ich biete eine Bandbreite von Dienstleistungen, die erkennbare Resultate garantieren und eine positive Auswirkung auf Ihr Gesch\u00e4ft bieten. In folgenden Branchen habe ich Projekte realisiert: Pharma, Maschinenbau, Lebensmittelindustrie, Bauindustrie..<\/p>\n","protected":false},"author":1,"featured_media":0,"parent":0,"menu_order":2,"comment_status":"closed","ping_status":"closed","template":"","meta":{"footnotes":""},"class_list":["post-2","page","type-page","status-publish","hentry"],"_links":{"self":[{"href":"https:\/\/kpp-seng.de\/index.php?rest_route=\/wp\/v2\/pages\/2","targetHints":{"allow":["GET"]}}],"collection":[{"href":"https:\/\/kpp-seng.de\/index.php?rest_route=\/wp\/v2\/pages"}],"about":[{"href":"https:\/\/kpp-seng.de\/index.php?rest_route=\/wp\/v2\/types\/page"}],"author":[{"embeddable":true,"href":"https:\/\/kpp-seng.de\/index.php?rest_route=\/wp\/v2\/users\/1"}],"replies":[{"embeddable":true,"href":"https:\/\/kpp-seng.de\/index.php?rest_route=%2Fwp%2Fv2%2Fcomments&post=2"}],"version-history":[{"count":3,"href":"https:\/\/kpp-seng.de\/index.php?rest_route=\/wp\/v2\/pages\/2\/revisions"}],"predecessor-version":[{"id":83,"href":"https:\/\/kpp-seng.de\/index.php?rest_route=\/wp\/v2\/pages\/2\/revisions\/83"}],"wp:attachment":[{"href":"https:\/\/kpp-seng.de\/index.php?rest_route=%2Fwp%2Fv2%2Fmedia&parent=2"}],"curies":[{"name":"wp","href":"https:\/\/api.w.org\/{rel}","templated":true}]}}